{"id":80,"date":"2025-05-29T06:08:43","date_gmt":"2025-05-29T06:08:43","guid":{"rendered":"https:\/\/luezapsicologia.com\/index.php\/about\/"},"modified":"2025-11-06T10:37:11","modified_gmt":"2025-11-06T10:37:11","slug":"sobre-mi","status":"publish","type":"page","link":"https:\/\/luezapsicologia.com\/ca\/sobre-el-meu\/","title":{"rendered":"Sobre mi"},"content":{"rendered":"<div data-elementor-type=\"wp-page\" data-elementor-id=\"80\" class=\"elementor elementor-80\" data-elementor-post-type=\"page\">\n\t\t\t\t\t\t<section class=\"elementor-section elementor-top-section elementor-element elementor-element-48e51a89 elementor-section-content-middle elementor-section-boxed elementor-section-height-default elementor-section-height-default\" data-id=\"48e51a89\" data-element_type=\"section\" data-settings=\"{&quot;background_background&quot;:&quot;classic&quot;}\">\n\t\t\t\t\t\t\t<div class=\"elementor-background-overlay\"><\/div>\n\t\t\t\t\t\t\t<div class=\"elementor-container elementor-column-gap-default\">\n\t\t\t\t\t<div class=\"elementor-column elementor-col-100 elementor-top-column elementor-element elementor-element-ec8492d\" data-id=\"ec8492d\" data-element_type=\"column\">\n\t\t\t<div class=\"elementor-widget-wrap elementor-element-populated\">\n\t\t\t\t\t\t<div class=\"elementor-element elementor-element-35d7631a elementor-widget__width-initial elementor-widget elementor-widget-heading\" data-id=\"35d7631a\" data-element_type=\"widget\" data-widget_type=\"heading.default\">\n\t\t\t\t<div class=\"elementor-widget-container\">\n\t\t\t\t\t<h1 class=\"elementor-heading-title elementor-size-default\">Sobre mi<\/h1>\t\t\t\t<\/div>\n\t\t\t\t<\/div>\n\t\t\t\t\t<\/div>\n\t\t<\/div>\n\t\t\t\t\t<\/div>\n\t\t<\/section>\n\t\t\t\t<section class=\"elementor-section elementor-top-section elementor-element elementor-element-2a8b489c elementor-section-full_width elementor-section-height-default elementor-section-height-default\" data-id=\"2a8b489c\" data-element_type=\"section\" data-settings=\"{&quot;background_background&quot;:&quot;classic&quot;}\">\n\t\t\t\t\t\t\t<div class=\"elementor-background-overlay\"><\/div>\n\t\t\t\t\t\t\t<div class=\"elementor-container elementor-column-gap-default\">\n\t\t\t\t\t<div class=\"elementor-column elementor-col-50 elementor-top-column elementor-element elementor-element-4251eb66\" data-id=\"4251eb66\" data-element_type=\"column\">\n\t\t\t<div class=\"elementor-widget-wrap elementor-element-populated\">\n\t\t\t\t\t\t<div class=\"elementor-element elementor-element-51f209f5 elementor-widget elementor-widget-image\" data-id=\"51f209f5\" data-element_type=\"widget\" data-widget_type=\"image.default\">\n\t\t\t\t<div class=\"elementor-widget-container\">\n\t\t\t\t\t\t\t\t\t\t\t\t\t\t\t<img fetchpriority=\"high\" decoding=\"async\" width=\"1024\" height=\"461\" src=\"https:\/\/luezapsicologia.com\/wp-content\/uploads\/2025\/11\/1000198680.jpg\" class=\"attachment-full size-full wp-image-899\" alt=\"\" srcset=\"https:\/\/luezapsicologia.com\/wp-content\/uploads\/2025\/11\/1000198680.jpg 1024w, https:\/\/luezapsicologia.com\/wp-content\/uploads\/2025\/11\/1000198680-300x135.jpg 300w, https:\/\/luezapsicologia.com\/wp-content\/uploads\/2025\/11\/1000198680-768x346.jpg 768w, https:\/\/luezapsicologia.com\/wp-content\/uploads\/2025\/11\/1000198680-18x8.jpg 18w, https:\/\/luezapsicologia.com\/wp-content\/uploads\/2025\/11\/1000198680-800x360.jpg 800w\" sizes=\"(max-width: 1024px) 100vw, 1024px\" \/>\t\t\t\t\t\t\t\t\t\t\t\t\t\t\t<\/div>\n\t\t\t\t<\/div>\n\t\t\t\t\t<\/div>\n\t\t<\/div>\n\t\t\t\t<div class=\"elementor-column elementor-col-50 elementor-top-column elementor-element elementor-element-3563983d\" data-id=\"3563983d\" data-element_type=\"column\">\n\t\t\t<div class=\"elementor-widget-wrap elementor-element-populated\">\n\t\t\t\t\t\t<div class=\"elementor-element elementor-element-7c66f60 elementor-widget elementor-widget-heading\" data-id=\"7c66f60\" data-element_type=\"widget\" data-widget_type=\"heading.default\">\n\t\t\t\t<div class=\"elementor-widget-container\">\n\t\t\t\t\t<h2 class=\"elementor-heading-title elementor-size-default\">&quot;No es tracta de guarir per ser perfecte, sin\u00f3 per ser m\u00e9s tu.&quot;<\/h2>\t\t\t\t<\/div>\n\t\t\t\t<\/div>\n\t\t\t\t<div class=\"elementor-element elementor-element-9cd15cb elementor-widget elementor-widget-text-editor\" data-id=\"9cd15cb\" data-element_type=\"widget\" data-widget_type=\"text-editor.default\">\n\t\t\t\t<div class=\"elementor-widget-container\">\n\t\t\t\t\t\t\t\t\t<p>Carl Jung<\/p>\t\t\t\t\t\t\t\t<\/div>\n\t\t\t\t<\/div>\n\t\t\t\t\t<\/div>\n\t\t<\/div>\n\t\t\t\t\t<\/div>\n\t\t<\/section>\n\t\t<div class=\"elementor-element elementor-element-0bcdda5 e-flex e-con-boxed e-con e-parent\" data-id=\"0bcdda5\" data-element_type=\"container\" data-settings=\"{&quot;background_background&quot;:&quot;classic&quot;}\">\n\t\t\t\t\t<div class=\"e-con-inner\">\n\t\t\t\t<div class=\"elementor-element elementor-element-6cb1057 elementor-widget elementor-widget-image\" data-id=\"6cb1057\" data-element_type=\"widget\" data-widget_type=\"image.default\">\n\t\t\t\t<div class=\"elementor-widget-container\">\n\t\t\t\t\t\t\t\t\t\t\t\t\t\t\t<img decoding=\"async\" width=\"436\" height=\"123\" src=\"https:\/\/luezapsicologia.com\/wp-content\/uploads\/2025\/05\/LOGO-BEATRIZ.png\" class=\"attachment-large size-large wp-image-172\" alt=\"\" srcset=\"https:\/\/luezapsicologia.com\/wp-content\/uploads\/2025\/05\/LOGO-BEATRIZ.png 436w, https:\/\/luezapsicologia.com\/wp-content\/uploads\/2025\/05\/LOGO-BEATRIZ-300x85.png 300w\" sizes=\"(max-width: 436px) 100vw, 436px\" \/>\t\t\t\t\t\t\t\t\t\t\t\t\t\t\t<\/div>\n\t\t\t\t<\/div>\n\t\t\t\t\t<\/div>\n\t\t\t\t<\/div>\n\t\t\t\t<section class=\"elementor-section elementor-top-section elementor-element elementor-element-24c0a66d elementor-section-boxed elementor-section-height-default elementor-section-height-default\" data-id=\"24c0a66d\" data-element_type=\"section\" data-settings=\"{&quot;background_background&quot;:&quot;classic&quot;}\">\n\t\t\t\t\t\t<div class=\"elementor-container elementor-column-gap-default\">\n\t\t\t\t\t<div class=\"elementor-column elementor-col-50 elementor-top-column elementor-element elementor-element-60c98c37\" data-id=\"60c98c37\" data-element_type=\"column\">\n\t\t\t<div class=\"elementor-widget-wrap elementor-element-populated\">\n\t\t\t\t\t\t<div class=\"elementor-element elementor-element-264600f elementor-widget elementor-widget-text-editor\" data-id=\"264600f\" data-element_type=\"widget\" data-widget_type=\"text-editor.default\">\n\t\t\t\t<div class=\"elementor-widget-container\">\n\t\t\t\t\t\t\t\t\t<p>S\u00f3c psic\u00f2loga sanit\u00e0ria especialitzada en trastorns emocionals, trauma i dol, amb m\u00e9s de vuit anys d&#039;experi\u00e8ncia en aquesta professi\u00f3 que m&#039;apassiona. Des de molt<br \/>petita em va interessar entendre el comportament hum\u00e0 i com els nostres pensaments, emocions i accions impacten en el nostre benestar.<\/p>\n<p>El meu primer contacte amb la psicologia va ser com a tennista professional, on vaig aprendre estrat\u00e8gies de maneig de l&#039;estr\u00e8s i l&#039;ansietat, t\u00e8cniques que encara aplico per promoure el meu benestar f\u00edsic, mental i emocional.<\/p>\n<p>Vaig comen\u00e7ar la meva carrera professional com a auxiliar d&#039;infermeria a l&#039;\u00e0mbit de la salut mental i la discapacitat intel\u00b7lectual. Durant aquests anys, tamb\u00e9 vaig completar els meus estudis de psicologia i el contacte proper amb el patiment hum\u00e0 va reafirmar el meu desig de seguir formant-me per oferir millor acompanyament als qui travessen moments dif\u00edcils.<\/p>\n<p>Per desenvolupar-me encara m\u00e9s a nivell personal, vaig viure un any als Estats Units, on<br \/>vaig treballar amb nens a l&#039;espectre autista. Va ser una experi\u00e8ncia que em va plantejar<br \/>desafiaments \u00fanics, enfortint el meu benestar emocional i autoconeixement.<br \/>tornada a Espanya, vaig comen\u00e7ar com a psic\u00f2loga d&#039;emerg\u00e8ncies i cat\u00e0strofes i,<br \/>actualment treballo en un servei especialitzat de l&#039;Ajuntament de Barcelona,<br \/>a m\u00e9s d&#039;atendre a consulta privada.<\/p>\n<p>El meu comprom\u00eds amb tu \u00e9s ajudar-te a trobar el teu cam\u00ed ia dotar-te d&#039;eines per fer front als teus problemes, enfortint la teva relaci\u00f3 amb tu mateix i els altres. Crec fermament en l&#039;impacte del benestar mental i emocional a la nostra qualitat de vida. T&#039;invito que em contactis per comen\u00e7ar aquest viatge cap a una vida plena!<\/p>\t\t\t\t\t\t\t\t<\/div>\n\t\t\t\t<\/div>\n\t\t\t\t\t<\/div>\n\t\t<\/div>\n\t\t\t\t<div class=\"elementor-column elementor-col-50 elementor-top-column elementor-element elementor-element-6c639c20\" data-id=\"6c639c20\" data-element_type=\"column\">\n\t\t\t<div class=\"elementor-widget-wrap elementor-element-populated\">\n\t\t\t\t\t\t<div class=\"elementor-element elementor-element-534636ad elementor-widget elementor-widget-image\" data-id=\"534636ad\" data-element_type=\"widget\" data-widget_type=\"image.default\">\n\t\t\t\t<div class=\"elementor-widget-container\">\n\t\t\t\t\t\t\t\t\t\t\t\t\t\t\t<img decoding=\"async\" width=\"676\" height=\"1024\" src=\"https:\/\/luezapsicologia.com\/wp-content\/uploads\/2025\/05\/Diseno-sin-titulo-55-676x1024.png\" class=\"attachment-large size-large wp-image-231\" alt=\"\" srcset=\"https:\/\/luezapsicologia.com\/wp-content\/uploads\/2025\/05\/Diseno-sin-titulo-55-676x1024.png 676w, https:\/\/luezapsicologia.com\/wp-content\/uploads\/2025\/05\/Diseno-sin-titulo-55-198x300.png 198w, https:\/\/luezapsicologia.com\/wp-content\/uploads\/2025\/05\/Diseno-sin-titulo-55-768x1164.png 768w, https:\/\/luezapsicologia.com\/wp-content\/uploads\/2025\/05\/Diseno-sin-titulo-55-800x1213.png 800w, https:\/\/luezapsicologia.com\/wp-content\/uploads\/2025\/05\/Diseno-sin-titulo-55.png 824w\" sizes=\"(max-width: 676px) 100vw, 676px\" \/>\t\t\t\t\t\t\t\t\t\t\t\t\t\t\t<\/div>\n\t\t\t\t<\/div>\n\t\t\t\t\t<\/div>\n\t\t<\/div>\n\t\t\t\t\t<\/div>\n\t\t<\/section>\n\t\t<div class=\"elementor-element elementor-element-943a60f e-flex e-con-boxed e-con e-parent\" data-id=\"943a60f\" data-element_type=\"container\">\n\t\t\t\t\t<div class=\"e-con-inner\">\n\t\t\t\t<div class=\"elementor-element elementor-element-3830cfb elementor-widget elementor-widget-spacer\" data-id=\"3830cfb\" data-element_type=\"widget\" data-widget_type=\"spacer.default\">\n\t\t\t\t<div class=\"elementor-widget-container\">\n\t\t\t\t\t\t\t<div class=\"elementor-spacer\">\n\t\t\t<div class=\"elementor-spacer-inner\"><\/div>\n\t\t<\/div>\n\t\t\t\t\t\t<\/div>\n\t\t\t\t<\/div>\n\t\t\t\t\t<\/div>\n\t\t\t\t<\/div>\n\t\t\t\t<\/div>","protected":false},"excerpt":{"rendered":"<p>Sobre mi \u00abNo es tracta de guarir per ser perfecte, sin\u00f3 per ser m\u00e9s tu.\u00bb Carl Jung S\u00f3c psic\u00f2loga sanit\u00e0ria especialitzada en trastorns emocionals, trauma i dol, amb m\u00e9s de vuit anys d&#039;experi\u00e8ncia en aquesta professi\u00f3 que m&#039;apassiona. Des de molt petita em va interessar entendre el comportament hum\u00e0 i com els nostres pensaments, emocions i accions [\u2026]<\/p>","protected":false},"author":2,"featured_media":0,"parent":0,"menu_order":0,"comment_status":"closed","ping_status":"closed","template":"","meta":{"footnotes":""},"class_list":["post-80","page","type-page","status-publish","hentry"],"_links":{"self":[{"href":"https:\/\/luezapsicologia.com\/ca\/wp-json\/wp\/v2\/pages\/80","targetHints":{"allow":["GET"]}}],"collection":[{"href":"https:\/\/luezapsicologia.com\/ca\/wp-json\/wp\/v2\/pages"}],"about":[{"href":"https:\/\/luezapsicologia.com\/ca\/wp-json\/wp\/v2\/types\/page"}],"author":[{"embeddable":true,"href":"https:\/\/luezapsicologia.com\/ca\/wp-json\/wp\/v2\/users\/2"}],"replies":[{"embeddable":true,"href":"https:\/\/luezapsicologia.com\/ca\/wp-json\/wp\/v2\/comments?post=80"}],"version-history":[{"count":23,"href":"https:\/\/luezapsicologia.com\/ca\/wp-json\/wp\/v2\/pages\/80\/revisions"}],"predecessor-version":[{"id":902,"href":"https:\/\/luezapsicologia.com\/ca\/wp-json\/wp\/v2\/pages\/80\/revisions\/902"}],"wp:attachment":[{"href":"https:\/\/luezapsicologia.com\/ca\/wp-json\/wp\/v2\/media?parent=80"}],"curies":[{"name":"wp","href":"https:\/\/api.w.org\/{rel}","templated":true}]}}