{"id":532,"date":"2025-06-27T13:40:44","date_gmt":"2025-06-27T13:40:44","guid":{"rendered":"https:\/\/luezapsicologia.com\/?page_id=532"},"modified":"2025-09-25T10:36:37","modified_gmt":"2025-09-25T10:36:37","slug":"aviso-legal","status":"publish","type":"page","link":"https:\/\/luezapsicologia.com\/ca\/avis-legal\/","title":{"rendered":"Av\u00eds legal"},"content":{"rendered":"<div data-elementor-type=\"wp-page\" data-elementor-id=\"532\" class=\"elementor elementor-532\" data-elementor-post-type=\"page\">\n\t\t\t\t\t\t<section class=\"elementor-section elementor-top-section elementor-element elementor-element-77f141c4 elementor-section-content-middle elementor-section-boxed elementor-section-height-default elementor-section-height-default\" data-id=\"77f141c4\" data-element_type=\"section\" data-settings=\"{&quot;background_background&quot;:&quot;classic&quot;}\">\n\t\t\t\t\t\t\t<div class=\"elementor-background-overlay\"><\/div>\n\t\t\t\t\t\t\t<div class=\"elementor-container elementor-column-gap-default\">\n\t\t\t\t\t<div class=\"elementor-column elementor-col-100 elementor-top-column elementor-element elementor-element-72901555\" data-id=\"72901555\" data-element_type=\"column\">\n\t\t\t<div class=\"elementor-widget-wrap elementor-element-populated\">\n\t\t\t\t\t\t<div class=\"elementor-element elementor-element-68fd51b3 elementor-widget__width-initial elementor-widget elementor-widget-heading\" data-id=\"68fd51b3\" data-element_type=\"widget\" data-widget_type=\"heading.default\">\n\t\t\t\t<div class=\"elementor-widget-container\">\n\t\t\t\t\t<h1 class=\"elementor-heading-title elementor-size-default\">Av\u00eds legal i condicions generals<\/h1>\t\t\t\t<\/div>\n\t\t\t\t<\/div>\n\t\t\t\t\t<\/div>\n\t\t<\/div>\n\t\t\t\t\t<\/div>\n\t\t<\/section>\n\t\t<div class=\"elementor-element elementor-element-e20b444 e-flex e-con-boxed e-con e-parent\" data-id=\"e20b444\" data-element_type=\"container\">\n\t\t\t\t\t<div class=\"e-con-inner\">\n\t\t\t\t<div class=\"elementor-element elementor-element-55ba67f elementor-widget elementor-widget-spacer\" data-id=\"55ba67f\" data-element_type=\"widget\" data-widget_type=\"spacer.default\">\n\t\t\t\t<div class=\"elementor-widget-container\">\n\t\t\t\t\t\t\t<div class=\"elementor-spacer\">\n\t\t\t<div class=\"elementor-spacer-inner\"><\/div>\n\t\t<\/div>\n\t\t\t\t\t\t<\/div>\n\t\t\t\t<\/div>\n\t\t\t\t<div class=\"elementor-element elementor-element-0285673 elementor-toc--minimized-on-tablet elementor-widget elementor-widget-table-of-contents\" data-id=\"0285673\" data-element_type=\"widget\" data-settings=\"{&quot;headings_by_tags&quot;:[&quot;h2&quot;,&quot;h3&quot;],&quot;exclude_headings_by_selector&quot;:[],&quot;no_headings_message&quot;:&quot;No headings were found on this page.&quot;,&quot;marker_view&quot;:&quot;numbers&quot;,&quot;minimize_box&quot;:&quot;yes&quot;,&quot;minimized_on&quot;:&quot;tablet&quot;,&quot;hierarchical_view&quot;:&quot;yes&quot;,&quot;min_height&quot;:{&quot;unit&quot;:&quot;px&quot;,&quot;size&quot;:&quot;&quot;,&quot;sizes&quot;:[]},&quot;min_height_tablet&quot;:{&quot;unit&quot;:&quot;px&quot;,&quot;size&quot;:&quot;&quot;,&quot;sizes&quot;:[]},&quot;min_height_mobile&quot;:{&quot;unit&quot;:&quot;px&quot;,&quot;size&quot;:&quot;&quot;,&quot;sizes&quot;:[]}}\" data-widget_type=\"table-of-contents.default\">\n\t\t\t\t<div class=\"elementor-widget-container\">\n\t\t\t\t\t\t\t\t\t<div class=\"elementor-toc__header\">\n\t\t\t\t\t\t<h4 class=\"elementor-toc__header-title\">\n\t\t\t\tTable of Contents\t\t\t<\/h4>\n\t\t\t\t\t\t\t\t\t\t<div class=\"elementor-toc__toggle-button elementor-toc__toggle-button--expand\" role=\"button\" tabindex=\"0\" aria-controls=\"elementor-toc__0285673\" aria-expanded=\"true\" aria-label=\"Obrir taula de continguts\"><svg aria-hidden=\"true\" class=\"e-font-icon-svg e-fas-chevron-down\" viewbox=\"0 0 448 512\" xmlns=\"http:\/\/www.w3.org\/2000\/svg\"><path d=\"M207.029 381.476L12.686 187.132c-9.373-9.373-9.373-24.569 0-33.941l22.667-22.667c9.357-9.357 24.522-9.375 33.901-.04L224 284.505l154.745-154.021c9.379-9.335 24.544-9.317 33.901.04l22.667 22.667c9.373 9.373 9.373 24.569 0 33.941L240.971 381.476c-9.373 9.372-24.569 9.372-33.942 0z\"><\/path><\/svg><\/div>\n\t\t\t\t<div class=\"elementor-toc__toggle-button elementor-toc__toggle-button--collapse\" role=\"button\" tabindex=\"0\" aria-controls=\"elementor-toc__0285673\" aria-expanded=\"true\" aria-label=\"Tancar taula de continguts\"><svg aria-hidden=\"true\" class=\"e-font-icon-svg e-fas-chevron-up\" viewbox=\"0 0 448 512\" xmlns=\"http:\/\/www.w3.org\/2000\/svg\"><path d=\"M240.971 130.524l194.343 194.343c9.373 9.373 9.373 24.569 0 33.941l-22.667 22.667c-9.357 9.357-24.522 9.375-33.901.04L224 227.495 69.255 381.516c-9.379 9.335-24.544 9.317-33.901-.04l-22.667-22.667c-9.373-9.373-9.373-24.569 0-33.941L207.03 130.525c9.372-9.373 24.568-9.373 33.941-.001z\"><\/path><\/svg><\/div>\n\t\t\t\t\t<\/div>\n\t\t\t\t<div id=\"elementor-toc__0285673\" class=\"elementor-toc__body\">\n\t\t\t<div class=\"elementor-toc__spinner-container\">\n\t\t\t\t<svg class=\"elementor-toc__spinner eicon-animation-spin e-font-icon-svg e-eicon-loading\" aria-hidden=\"true\" viewbox=\"0 0 1000 1000\" xmlns=\"http:\/\/www.w3.org\/2000\/svg\"><path d=\"M500 975V858C696 858 858 696 858 500S696 142 500 142 142 304 142 500H25C25 237 238 25 500 25S975 237 975 500 763 975 500 975Z\"><\/path><\/svg>\t\t\t<\/div>\n\t\t<\/div>\n\t\t\t\t\t\t<\/div>\n\t\t\t\t<\/div>\n\t\t\t\t<div class=\"elementor-element elementor-element-554398e elementor-widget elementor-widget-text-editor\" data-id=\"554398e\" data-element_type=\"widget\" data-widget_type=\"text-editor.default\">\n\t\t\t\t<div class=\"elementor-widget-container\">\n\t\t\t\t\t\t\t\t\t<h3><b>I. INFORMACI\u00d3 GENERAL<\/b><\/h3><p><span style=\"font-weight: 400;\">En compliment amb el deure informaci\u00f3 disposat a la Llei 34\/2002 de Serveis de la Societat de la Informaci\u00f3 i el Comer\u00e7 Electr\u00f2nic (LSSI-CE) d&#039;11 de juliol, es faciliten a continuaci\u00f3 les dades d&#039;informaci\u00f3 general d&#039;aquest lloc web seg\u00fcents:<\/span><\/p><p><span style=\"font-weight: 400;\">La titularitat d&#039;aquest lloc web, www.luezapsicologia.com, (d&#039;ara endavant, Lloc Web) l&#039;ostenta: Beatriz Pe\u00f1a Lueza, amb NIF: 47678967J, i les dades de contacte de les quals s\u00f3n:<\/span><\/p><p><span style=\"font-weight: 400;\">Adre\u00e7a: Carrer del Mar, 3<\/span><\/p><p><span style=\"font-weight: 400;\">Tel\u00e8fon de contacte: 624153029<\/span><\/p><p><span style=\"font-weight: 400;\">Email de contacte: info@luezapsicologia.com<\/span><\/p><h3><b>II. TERMES I CONDICIONS GENERALS D&#039;\u00daS<\/b><\/h3><h4><b>L&#039;objecte de les condicions: El Lloc Web<\/b><\/h4><p><span style=\"font-weight: 400;\">L&#039;objecte de les presents Condicions Generals d&#039;\u00das (d&#039;ara endavant, Condicions) \u00e9s regular l&#039;acc\u00e9s i la utilitzaci\u00f3 del Lloc Web. recursos en l\u00ednia que si escau ofereixi als Usuaris (d&#039;ara endavant, Serveis).<\/span><\/p><p><span style=\"font-weight: 400;\">Consulta psicol\u00f2gica es reserva la facultat de modificar, en qualsevol moment, i sense av\u00eds previ, la presentaci\u00f3 i configuraci\u00f3 del Lloc Web i dels Continguts i Serveis que hi poguessin estar incorporats. L&#039;Usuari reconeix i accepta que en qualsevol moment Consulta psicol\u00f2gica pugui interrompre, desactivar i\/o cancel\u00b7lar qualsevol d&#039;aquests elements que s&#039;integren al Lloc Web o accedir-hi.<\/span><\/p><p><span style=\"font-weight: 400;\">L&#039;acc\u00e9s al Lloc Web per l&#039;Usuari t\u00e9 car\u00e0cter lliure i, per regla general, \u00e9s gratu\u00eft sense que l&#039;Usuari hagi de proporcionar una contraprestaci\u00f3 per poder gaudir-ne, llevat del cost de connexi\u00f3 a trav\u00e9s de la xarxa de telecomunicacions subministrada pel prove\u00efdor d&#039;acc\u00e9s que hagi contractat l&#039;Usuari.<\/span><\/p><p><span style=\"font-weight: 400;\">La utilitzaci\u00f3 d&#039;algun dels continguts o serveis del lloc web es pot fer mitjan\u00e7ant la subscripci\u00f3 o el registre previ de l&#039;usuari.<\/span><\/p><h4><b>L&#039;Usuari<\/b><\/h4><p><span style=\"font-weight: 400;\">L&#039;acc\u00e9s, la navegaci\u00f3 i l&#039;\u00fas del Lloc Web, confereix la condici\u00f3 d&#039;Usuari, per la qual cosa s&#039;accepten, des que s&#039;inicia la navegaci\u00f3 pel Lloc Web, totes les Condicions aqu\u00ed establertes, aix\u00ed com les ulteriors modificacions, sense perjudici de l&#039;aplicaci\u00f3 de la corresponent normativa legal de compliment obligat segons el cas.<\/span><\/p><p><span style=\"font-weight: 400;\">El Lloc Web de Consulta psicol\u00f2gica proporciona una gran diversitat d&#039;informaci\u00f3, serveis i dades. L&#039;Usuari assumeix la seva responsabilitat per fer un \u00fas correcte del Lloc Web. Aquesta responsabilitat s&#039;estendr\u00e0 a:<\/span><\/p><ul><li style=\"font-weight: 400;\" aria-level=\"1\"><span style=\"font-weight: 400;\">Un \u00fas de la informaci\u00f3, continguts i\/o serveis i dades ofertes per consulta psicol\u00f2gica sense que sigui contrari al que disposen aquestes Condicions, la Llei, la moral o l&#039;ordre p\u00fablic, o que de qualsevol altra manera puguin suposar lesi\u00f3 dels drets de tercers o del mateix funcionament del Lloc Web.<\/span><\/li><li style=\"font-weight: 400;\" aria-level=\"1\"><span style=\"font-weight: 400;\">La veracitat i licitud de les informacions aportades per l&#039;Usuari als formularis estesos per Consulta psicol\u00f2gica per a l&#039;acc\u00e9s a certs Continguts o Serveis oferts pel Lloc Web. En tot cas, l&#039;Usuari notificar\u00e0 de forma immediata a Consulta psicol\u00f2gica sobre qualsevol fet que permeti l&#039;\u00fas indegut de la informaci\u00f3 registrada en aquests formularis, com ara, per\u00f2 no nom\u00e9s, el robatori, la p\u00e8rdua, o l&#039;acc\u00e9s no autoritzat a identificadors i\/o contrasenyes, per tal de procedir a cancel\u00b7lar-la immediatament.<\/span><\/li><\/ul><p><span style=\"font-weight: 400;\">El mer acc\u00e9s a aquest Lloc Web no suposa entaular cap mena de relaci\u00f3 de car\u00e0cter comercial entre Consulta psicol\u00f2gica i l&#039;Usuari.<\/span><\/p><p><span style=\"font-weight: 400;\">Sempre en el respecte de la legislaci\u00f3 vigent, aquest Lloc Web de Consulta psicol\u00f2gica s&#039;adre\u00e7a a totes les persones, sense importar-ne l&#039;edat, que puguin accedir i\/o navegar per les p\u00e0gines del Lloc Web.<\/span><\/p><p><span style=\"font-weight: 400;\">El Lloc Web est\u00e0 dirigit principalment a Usuaris residents a Espanya. Consulta psicol\u00f2gica no assegura que el Lloc Web compleixi amb legislacions d&#039;altres pa\u00efsos, ja sigui totalment o parcialment. Si l&#039;Usuari resideix o t\u00e9 el seu domiciliat en un altre lloc i decideix accedir i\/o navegar al Lloc Web ho far\u00e0 sota la seva pr\u00f2pia responsabilitat, assegureu-vos que aquest acc\u00e9s i navegaci\u00f3 compleix amb la legislaci\u00f3 local que us \u00e9s aplicable, no assumint Consulta psicol\u00f2gica cap responsabilitat que es pugui derivar d&#039;aquest acc\u00e9s.<\/span><\/p><h3><b>III. ACC\u00c9S I NAVEGACI\u00d3 AL LLOC WEB: EXCLUSI\u00d3 DE GARANTIES I RESPONSABILITAT<\/b><\/h3><p><span style=\"font-weight: 400;\">Consulta psicol\u00f2gica no garanteix la continu\u00eftat, disponibilitat i utilitat del Lloc Web, ni dels Continguts o Serveis. Consulta psicol\u00f2gica far\u00e0 tot el possible pel bon funcionament del Lloc Web, per\u00f2, no es responsabilitza ni garanteix que l&#039;acc\u00e9s a aquest Lloc Web no sigui ininterromput o que estigui lliure d&#039;error.<\/span><\/p><p><span style=\"font-weight: 400;\">Tampoc no es responsabilitza o garanteix que el contingut o programari al qual es pugui accedir a trav\u00e9s d&#039;aquest Lloc Web, estigui lliure d&#039;error o causi un dany al sistema inform\u00e0tic (programari i maquinari) de l&#039;Usuari. En cap cas Consulta psicol\u00f2gica ser\u00e0 responsable per les p\u00e8rdues, danys o perjudicis de qualsevol tipus que sorgeixin per l&#039;acc\u00e9s, navegaci\u00f3 i \u00fas del Lloc Web, incloent-hi, per\u00f2 no limitant-se, als ocasionats als sistemes inform\u00e0tics o els provocats per la introducci\u00f3 de virus.<\/span><\/p><p><span style=\"font-weight: 400;\">Consulta psicol\u00f2gica tampoc no es fa responsable dels danys que poguessin ocasionar-se als usuaris per un \u00fas inadequat d&#039;aquest Lloc Web. En particular, no es fa responsable de cap manera de les caigudes, interrupcions, falta o defecte de les telecomunicacions que poguessin oc\u00f3rrer.<\/span><\/p><h3><b>IV. POL\u00cdTICA D&#039;ENLLA\u00c7OS<\/b><\/h3><p><span style=\"font-weight: 400;\">L&#039;Usuari o tercer que faci un hiperenlla\u00e7 des d&#039;una p\u00e0gina web d&#039;un altre, diferent, lloc web al Lloc Web de Consulta psicol\u00f2gica haur\u00e0 de saber que:<\/span><\/p><p><span style=\"font-weight: 400;\">No es permet la reproducci\u00f3 \u2014totalment o parcialment\u2014 de cap dels Continguts i\/o Serveis del Lloc Web sense autoritzaci\u00f3 expressa de Consulta psicol\u00f2gica.<\/span><\/p><p><span style=\"font-weight: 400;\">No es permet tampoc cap manifestaci\u00f3 falsa, inexacta o incorrecta sobre el Lloc Web de Consulta psicol\u00f2gica, ni sobre els Continguts i\/o Serveis del mateix.<\/span><\/p><p><span style=\"font-weight: 400;\">A excepci\u00f3 de l&#039;hiperenlla\u00e7, el lloc web on s&#039;estableixi aquest hiperenlla\u00e7 no contindr\u00e0 cap element, d&#039;aquest Lloc Web, protegit com a propietat intel\u00b7lectual per l&#039;ordenament jur\u00eddic espanyol, llevat d&#039;autoritzaci\u00f3 expressa de Consulta psicol\u00f2gica.<\/span><\/p><p><span style=\"font-weight: 400;\">L&#039;establiment de l&#039;hiperenlla\u00e7 no implicar\u00e0 l&#039;exist\u00e8ncia de relacions entre Consulta psicol\u00f2gica i el titular del lloc web des del qual es realitzi, ni el coneixement i l&#039;acceptaci\u00f3 de Consulta psicol\u00f2gica dels continguts, serveis i\/o activitats ofertes en aquest lloc web, i viceversa.<\/span><\/p><h3><b>V. PROPIETAT INTEL\u00b7LECTUAL I INDUSTRIAL<\/b><\/h3><p><span style=\"font-weight: 400;\">Consulta psicol\u00f2gica per si o com a part cession\u00e0ria, \u00e9s titular de tots els drets de propietat intel\u00b7lectual i industrial del Lloc Web, aix\u00ed com dels elements continguts en el mateix (a t\u00edtol enunciatiu i no exhaustiu, imatges, so, \u00e0udio, v\u00eddeo, programari o textos, marques o logotips, combinacions de colors, estructura i disseny, selecci\u00f3 de materials usats, programes d&#039;ordinador necessaris. obres protegides com a propietat intel\u00b7lectual per l&#039;ordenament jur\u00eddic espanyol, i els s\u00f3n aplicables tant la normativa espanyola i comunit\u00e0ria en aquest camp, com els tractats internacionals relatius a la mat\u00e8ria i subscrits per Espanya.<\/span><\/p><p><span style=\"font-weight: 400;\">Tots els drets reservats. En virtut del que disposa la Llei de propietat intel\u00b7lectual, queden expressament prohibides la reproducci\u00f3, la distribuci\u00f3 i la comunicaci\u00f3 p\u00fablica, inclosa la seva modalitat de posada a disposici\u00f3, de la totalitat o part dels continguts d&#039;aquesta p\u00e0gina web, amb fins comercials, en qualsevol suport i per qualsevol mitj\u00e0 t\u00e8cnic, sense l&#039;autoritzaci\u00f3 de consulta psicol\u00f2gica.<\/span><\/p><p><span style=\"font-weight: 400;\">L&#039;usuari es compromet a respectar els drets de propietat intel\u00b7lectual i industrial de consulta psicol\u00f2gica. Podreu visualitzar els elements del Lloc Web o fins i tot imprimir-los, copiar-los i emmagatzemar-los al disc dur del vostre ordinador o en qualsevol altre suport f\u00edsic sempre que sigui, exclusivament, per al seu \u00fas personal. L&#039;Usuari, per\u00f2, no podr\u00e0 suprimir, alterar, o manipular qualsevol dispositiu de protecci\u00f3 o sistema de seguretat que estigu\u00e9s instal\u00b7lat al Lloc Web.<\/span><\/p><p><span style=\"font-weight: 400;\">En cas que l&#039;Usuari o tercer consideri que qualsevol dels Continguts del Lloc Web suposi una violaci\u00f3 dels drets de protecci\u00f3 de la propietat intel\u00b7lectual, ho haur\u00e0 de comunicar immediatament a Consulta psicol\u00f2gica a trav\u00e9s de les dades de contacte de l&#039;apartat d&#039;INFORMACI\u00d3 GENERAL d&#039;aquest Av\u00eds Legal i Condicions Generals d&#039;\u00das.<\/span><\/p><h3><b>VI. ACCIONS LEGALS, LEGISLACI\u00d3 APLICABLE I JURISDICCI\u00d3<\/b><\/h3><p><span style=\"font-weight: 400;\">Consulta psicol\u00f2gica es reserva la facultat de presentar les accions civils o penals que consideri necess\u00e0ries per la utilitzaci\u00f3 indeguda del Lloc Web i Continguts, o per l&#039;incompliment de les presents Condicions.<\/span><\/p><p><span style=\"font-weight: 400;\">La relaci\u00f3 entre l&#039;Usuari i la Consulta psicol\u00f2gica es regir\u00e0 per la normativa vigent i d&#039;aplicaci\u00f3 al territori espanyol. Si sorgeix qualsevol controv\u00e8rsia en relaci\u00f3 amb la interpretaci\u00f3 i\/o l&#039;aplicaci\u00f3 d&#039;aquestes Condicions, les parts sotmetran els seus conflictes a la jurisdicci\u00f3 ordin\u00e0ria sotmetent-se als jutges i tribunals que corresponguin d&#039;acord amb el dret.<\/span><\/p><p><span style=\"font-weight: 400;\">Aquest document d&#039;Av\u00eds Legal i Condicions Generals d&#039;\u00fas del lloc web ha estat creat mitjan\u00e7ant el generador de <\/span><a href=\"https:\/\/textos-legales.edgartamarit.com\/\" target=\"_blank\" rel=\"noopener\"><span style=\"font-weight: 400;\">plantilla d&#039;av\u00eds legal i condicions d&#039;\u00fas<\/span><\/a><span style=\"font-weight: 400;\"> en l\u00ednia el dia 17\/06\/2025.<\/span><\/p>\t\t\t\t\t\t\t\t<\/div>\n\t\t\t\t<\/div>\n\t\t\t\t\t<\/div>\n\t\t\t\t<\/div>\n\t\t<div class=\"elementor-element elementor-element-a6c8ecf e-flex e-con-boxed e-con e-parent\" data-id=\"a6c8ecf\" data-element_type=\"container\" data-settings=\"{&quot;background_background&quot;:&quot;classic&quot;}\">\n\t\t\t\t\t<div class=\"e-con-inner\">\n\t\t<div class=\"elementor-element elementor-element-f76c9eb e-con-full e-flex e-con e-child\" data-id=\"f76c9eb\" data-element_type=\"container\">\n\t\t\t\t<div class=\"elementor-element elementor-element-a02279e elementor-widget__width-initial elementor-widget elementor-widget-heading\" data-id=\"a02279e\" data-element_type=\"widget\" data-widget_type=\"heading.default\">\n\t\t\t\t<div class=\"elementor-widget-container\">\n\t\t\t\t\t<h2 class=\"elementor-heading-title elementor-size-default\">Fa el primer pas cap al teu benestar\n\n<\/h2>\t\t\t\t<\/div>\n\t\t\t\t<\/div>\n\t\t\t\t<div class=\"elementor-element elementor-element-127f208 elementor-widget__width-initial elementor-widget elementor-widget-text-editor\" data-id=\"127f208\" data-element_type=\"widget\" data-widget_type=\"text-editor.default\">\n\t\t\t\t<div class=\"elementor-widget-container\">\n\t\t\t\t\t\t\t\t\t<p>Demana la teva primera cita o contacta per resoldre qualsevol dubte. Estic aqu\u00ed per ajudar-te.<\/p>\t\t\t\t\t\t\t\t<\/div>\n\t\t\t\t<\/div>\n\t\t\t\t<div class=\"elementor-element elementor-element-7ea4bb9 elementor-align-center elementor-widget__width-initial elementor-widget elementor-widget-button\" data-id=\"7ea4bb9\" data-element_type=\"widget\" data-widget_type=\"button.default\">\n\t\t\t\t<div class=\"elementor-widget-container\">\n\t\t\t\t\t\t\t\t\t<div class=\"elementor-button-wrapper\">\n\t\t\t\t\t<a class=\"elementor-button elementor-button-link elementor-size-sm\" href=\"https:\/\/luezapsicologia.com\/ca\/contactes\/\">\n\t\t\t\t\t\t<span class=\"elementor-button-content-wrapper\">\n\t\t\t\t\t\t\t\t\t<span class=\"elementor-button-text\">Demana la teva cita<\/span>\n\t\t\t\t\t<\/span>\n\t\t\t\t\t<\/a>\n\t\t\t\t<\/div>\n\t\t\t\t\t\t\t\t<\/div>\n\t\t\t\t<\/div>\n\t\t\t\t<\/div>\n\t\t\t\t\t<\/div>\n\t\t\t\t<\/div>\n\t\t<div class=\"elementor-element elementor-element-aa4687e e-flex e-con-boxed e-con e-parent\" data-id=\"aa4687e\" data-element_type=\"container\">\n\t\t\t\t\t<div class=\"e-con-inner\">\n\t\t\t\t<div class=\"elementor-element elementor-element-4736582 elementor-blockquote--skin-quotation elementor-blockquote--align-center elementor-widget elementor-widget-blockquote\" data-id=\"4736582\" data-element_type=\"widget\" data-widget_type=\"blockquote.default\">\n\t\t\t\t<div class=\"elementor-widget-container\">\n\t\t\t\t\t\t\t<blockquote class=\"elementor-blockquote\">\n\t\t\t<p class=\"elementor-blockquote__content\">\n\t\t\t\tFins i tot un viatge de 1.000 km comen\u00e7a sempre amb un primer pas.\n\t\t\t<\/p>\n\t\t\t\t\t\t\t<div class=\"e-q-footer\">\n\t\t\t\t\t\t\t\t\t\t\t<cite class=\"elementor-blockquote__author\">An\u00f2nim<\/cite>\n\t\t\t\t\t\t\t\t\t\t\t\t\t\t<\/div>\n\t\t\t\t\t<\/blockquote>\n\t\t\t\t\t\t<\/div>\n\t\t\t\t<\/div>\n\t\t\t\t\t<\/div>\n\t\t\t\t<\/div>\n\t\t<div class=\"elementor-element elementor-element-766d1d0 e-flex e-con-boxed e-con e-parent\" data-id=\"766d1d0\" data-element_type=\"container\">\n\t\t\t\t\t<div class=\"e-con-inner\">\n\t\t\t\t<div class=\"elementor-element elementor-element-f75652a elementor-widget elementor-widget-spacer\" data-id=\"f75652a\" data-element_type=\"widget\" data-widget_type=\"spacer.default\">\n\t\t\t\t<div class=\"elementor-widget-container\">\n\t\t\t\t\t\t\t<div class=\"elementor-spacer\">\n\t\t\t<div class=\"elementor-spacer-inner\"><\/div>\n\t\t<\/div>\n\t\t\t\t\t\t<\/div>\n\t\t\t\t<\/div>\n\t\t\t\t\t<\/div>\n\t\t\t\t<\/div>\n\t\t\t\t<\/div>","protected":false},"excerpt":{"rendered":"<p>Av\u00eds legal i condicions generals Table of Contents I. INFORMACI\u00d3 GENERAL En compliment amb el deure informaci\u00f3 disposat a la Llei 34\/2002 de Serveis de la Societat de la Informaci\u00f3 i el Comer\u00e7 Electr\u00f2nic (LSSI-CE) d&#039;11 de juliol, es faciliten a continuaci\u00f3 les dades d&#039;informaci\u00f3 general d&#039;aquest lloc web seg\u00fcents: La [\u2026]<\/p>","protected":false},"author":2,"featured_media":0,"parent":0,"menu_order":0,"comment_status":"closed","ping_status":"closed","template":"","meta":{"footnotes":""},"class_list":["post-532","page","type-page","status-publish","hentry"],"_links":{"self":[{"href":"https:\/\/luezapsicologia.com\/ca\/wp-json\/wp\/v2\/pages\/532","targetHints":{"allow":["GET"]}}],"collection":[{"href":"https:\/\/luezapsicologia.com\/ca\/wp-json\/wp\/v2\/pages"}],"about":[{"href":"https:\/\/luezapsicologia.com\/ca\/wp-json\/wp\/v2\/types\/page"}],"author":[{"embeddable":true,"href":"https:\/\/luezapsicologia.com\/ca\/wp-json\/wp\/v2\/users\/2"}],"replies":[{"embeddable":true,"href":"https:\/\/luezapsicologia.com\/ca\/wp-json\/wp\/v2\/comments?post=532"}],"version-history":[{"count":16,"href":"https:\/\/luezapsicologia.com\/ca\/wp-json\/wp\/v2\/pages\/532\/revisions"}],"predecessor-version":[{"id":852,"href":"https:\/\/luezapsicologia.com\/ca\/wp-json\/wp\/v2\/pages\/532\/revisions\/852"}],"wp:attachment":[{"href":"https:\/\/luezapsicologia.com\/ca\/wp-json\/wp\/v2\/media?parent=532"}],"curies":[{"name":"wp","href":"https:\/\/api.w.org\/{rel}","templated":true}]}}